{"id":1074,"date":"2023-04-29T20:13:51","date_gmt":"2023-04-29T20:13:51","guid":{"rendered":"https:\/\/vsgdover.com\/emea\/?page_id=1074"},"modified":"2023-09-04T12:24:22","modified_gmt":"2023-09-04T12:24:22","slug":"warn-wheel-drive","status":"publish","type":"page","link":"https:\/\/vsgdover.com\/emea\/fr\/warn-wheel-drive\/","title":{"rendered":"Warn Auto"},"content":{"rendered":"<p>[et_pb_section fb_built=&#8221;1&#8243; module_class=&#8221;height_100vh&#8221; _builder_version=&#8221;4.21.0&#8243; _module_preset=&#8221;default&#8221; background_enable_image=&#8221;off&#8221; background_video_mp4=&#8221;https:\/\/vsgdover.com\/emea\/wp-content\/uploads\/2023\/06\/Warn-motion-banner.mp4&#8243; custom_margin_tablet=&#8221;&#8221; custom_margin_phone=&#8221;0px||0px||false|false&#8221; custom_margin_last_edited=&#8221;on|phone&#8221; locked=&#8221;off&#8221; global_colors_info=&#8221;{}&#8221;][et_pb_row column_structure=&#8221;3_5,2_5&#8243; _builder_version=&#8221;4.21.0&#8243; _module_preset=&#8221;default&#8221; width=&#8221;100%&#8221; max_width=&#8221;80%&#8221; custom_margin_tablet=&#8221;&#8221; custom_margin_phone=&#8221;0px||0px||false|false&#8221; custom_margin_last_edited=&#8221;on|phone&#8221; custom_padding=&#8221;0px||0px||false|false&#8221; animation_direction=&#8221;bottom&#8221; locked=&#8221;off&#8221; global_colors_info=&#8221;{}&#8221;][et_pb_column type=&#8221;3_5&#8243; module_class=&#8221;glass_eff in-wipe-left&#8221; _builder_version=&#8221;4.21.0&#8243; _module_preset=&#8221;default&#8221; custom_padding=&#8221;4em|2em|4em|2em|false|false&#8221; animation_direction=&#8221;left&#8221; global_colors_info=&#8221;{}&#8221;][et_pb_image src=&#8221;https:\/\/vsgdover.com\/emea\/wp-content\/uploads\/2023\/06\/Warn-Automotive-logo-Reversed-green-triangle-1.png&#8221; title_text=&#8221;Warn Automotive logo Reversed green triangle 1&#8243; _builder_version=&#8221;4.21.0&#8243; _module_preset=&#8221;default&#8221; max_width=&#8221;30%&#8221; custom_margin=&#8221;||1em||false|false&#8221; animation_style=&#8221;slide&#8221; animation_direction=&#8221;bottom&#8221; animation_delay=&#8221;500ms&#8221; animation_intensity_slide=&#8221;30%&#8221; global_colors_info=&#8221;{}&#8221;][\/et_pb_image][et_pb_text _builder_version=&#8221;4.21.0&#8243; _module_preset=&#8221;default&#8221; header_text_color=&#8221;#FFFFFF&#8221; header_font_size=&#8221;3.11em&#8221; custom_margin=&#8221;||0px||false|false&#8221; animation_style=&#8221;slide&#8221; animation_direction=&#8221;bottom&#8221; animation_delay=&#8221;600ms&#8221; animation_intensity_slide=&#8221;30%&#8221; hover_enabled=&#8221;0&#8243; global_colors_info=&#8221;{}&#8221; sticky_enabled=&#8221;0&#8243;]<\/p>\n<h1>Nous favorisons l'innovation<\/h1>\n<p>[\/et_pb_text][et_pb_text _builder_version=&#8221;4.21.0&#8243; _module_preset=&#8221;default&#8221; text_text_color=&#8221;#FFFFFF&#8221; animation_style=&#8221;slide&#8221; animation_direction=&#8221;bottom&#8221; animation_delay=&#8221;1200ms&#8221; animation_intensity_slide=&#8221;30%&#8221; hover_enabled=&#8221;0&#8243; global_colors_info=&#8221;{}&#8221; sticky_enabled=&#8221;0&#8243;]to enhance vehicle efficiency and performance[\/et_pb_text][\/et_pb_column][et_pb_column type=&#8221;2_5&#8243; _builder_version=&#8221;4.21.0&#8243; _module_preset=&#8221;default&#8221; global_colors_info=&#8221;{}&#8221;][\/et_pb_column][\/et_pb_row][\/et_pb_section][et_pb_section fb_built=&#8221;1&#8243; module_class=&#8221;mouse_down&#8221; _builder_version=&#8221;4.21.0&#8243; _module_preset=&#8221;default&#8221; custom_padding=&#8221;0px||0px||false|false&#8221; animation_style=&#8221;slide&#8221; animation_direction=&#8221;top&#8221; animation_delay=&#8221;800ms&#8221; locked=&#8221;off&#8221; global_colors_info=&#8221;{}&#8221;][et_pb_row _builder_version=&#8221;4.21.0&#8243; _module_preset=&#8221;default&#8221; custom_padding=&#8221;0px||0px||false|false&#8221; global_colors_info=&#8221;{}&#8221;][et_pb_column type=&#8221;4_4&#8243; _builder_version=&#8221;4.21.0&#8243; _module_preset=&#8221;default&#8221; global_colors_info=&#8221;{}&#8221;][et_pb_code _builder_version=&#8221;4.21.0&#8243; _module_preset=&#8221;default&#8221; link_option_url=&#8221;#section_2&#8243; global_colors_info=&#8221;{}&#8221;]<\/p>\n<div class=\"mouse_scroll\">\n<div class=\"mouse\">\n<div class=\"wheel\"><\/div>\n<\/div>\n<div><span class=\"m_scroll_arrows unu\"><\/span><span class=\"m_scroll_arrows doi\"><\/span><span class=\"m_scroll_arrows trei\"><\/span><\/div>\n<\/div>\n<p>[\/et_pb_code][\/et_pb_column][\/et_pb_row][\/et_pb_section][et_pb_section fb_built=&#8221;1&#8243; custom_padding_last_edited=&#8221;on|phone&#8221; module_id=&#8221;section_2&#8243; module_class=&#8221;wrr_bg1&#8243; _builder_version=&#8221;4.21.0&#8243; _module_preset=&#8221;default&#8221; background_enable_color=&#8221;off&#8221; custom_padding=&#8221;0px||0px||false|false&#8221; custom_padding_tablet=&#8221;0px||0px||false|false&#8221; custom_padding_phone=&#8221;1em||0px||false|false&#8221; locked=&#8221;off&#8221; collapsed=&#8221;off&#8221; global_colors_info=&#8221;{}&#8221;][et_pb_row column_structure=&#8221;1_2,1_2&#8243; module_class=&#8221;count&#8221; _builder_version=&#8221;4.21.0&#8243; _module_preset=&#8221;default&#8221; width=&#8221;100%&#8221; max_width=&#8221;100%&#8221; custom_padding=&#8221;0px||0px||false|false&#8221; global_colors_info=&#8221;{}&#8221;][et_pb_column type=&#8221;1_2&#8243; _builder_version=&#8221;4.21.0&#8243; _module_preset=&#8221;default&#8221; custom_padding=&#8221;|||10%|false|false&#8221; custom_padding_tablet=&#8221;|||10%|false|false&#8221; custom_padding_phone=&#8221;|||0%|false|false&#8221; custom_padding_last_edited=&#8221;on|phone&#8221; animation_direction=&#8221;bottom&#8221; global_colors_info=&#8221;{}&#8221;][et_pb_text _builder_version=&#8221;4.21.0&#8243; _module_preset=&#8221;default&#8221; custom_margin=&#8221;||0.5em||false|false&#8221; animation_style=&#8221;slide&#8221; animation_direction=&#8221;bottom&#8221; animation_intensity_slide=&#8221;30%&#8221; global_colors_info=&#8221;{}&#8221;]<\/p>\n<h1>Warn Automotive<\/h1>\n<p>[\/et_pb_text][et_pb_text _builder_version=&#8221;4.21.0&#8243; _module_preset=&#8221;default&#8221; animation_style=&#8221;slide&#8221; animation_direction=&#8221;bottom&#8221; animation_intensity_slide=&#8221;30%&#8221; global_colors_info=&#8221;{}&#8221;]<\/p>\n<p>Depuis plus de 50\u00a0ans, Warn Automotive travaille avec des partenaires de premier plan dans le secteur de la construction automobile pour concevoir des solutions de d\u00e9connexion sur mesure pour les transmissions \u00e0 quatre roues motrices (4WD) et les transmissions int\u00e9grales (AWD). Nos composants sont pr\u00eats \u00e0 \u00eatre mont\u00e9s sur toute une gamme de v\u00e9hicules et de groupes motopropulseurs, et sont int\u00e9gr\u00e9s dans certaines des marques automobiles les plus connues au monde.<\/p>\n<p>[\/et_pb_text][\/et_pb_column][et_pb_column type=&#8221;1_2&#8243; _builder_version=&#8221;4.21.0&#8243; _module_preset=&#8221;default&#8221; custom_padding=&#8221;||||false|false&#8221; animation_style=&#8221;slide&#8221; animation_direction=&#8221;bottom&#8221; animation_intensity_slide=&#8221;15%&#8221; global_colors_info=&#8221;{}&#8221;][et_pb_image src=&#8221;https:\/\/vsgdover.com\/emea\/wp-content\/uploads\/2023\/04\/warn_car.png&#8221; title_text=&#8221;warn_car&#8221; force_fullwidth=&#8221;on&#8221; module_class=&#8221;img01  agl agl-wipeCSSUp&#8221; _builder_version=&#8221;4.21.0&#8243; _module_preset=&#8221;default&#8221; global_colors_info=&#8221;{}&#8221;][\/et_pb_image][\/et_pb_column][\/et_pb_row][et_pb_row column_structure=&#8221;1_3,2_3&#8243; use_custom_gutter=&#8221;on&#8221; gutter_width=&#8221;2&#8243; _builder_version=&#8221;4.21.0&#8243; _module_preset=&#8221;default&#8221; width=&#8221;100%&#8221; max_width=&#8221;100%&#8221; custom_padding=&#8221;|||10%|false|false&#8221; global_colors_info=&#8221;{}&#8221;][et_pb_column type=&#8221;1_3&#8243; _builder_version=&#8221;4.21.0&#8243; _module_preset=&#8221;default&#8221; custom_padding_tablet=&#8221;&#8221; custom_padding_phone=&#8221;|10%|||false|false&#8221; custom_padding_last_edited=&#8221;on|phone&#8221; global_colors_info=&#8221;{}&#8221;][et_pb_text _builder_version=&#8221;4.21.0&#8243; _module_preset=&#8221;default&#8221; text_font=&#8221;|||on|||||&#8221; text_font_size=&#8221;0.89em&#8221; custom_margin=&#8221;||0.5em||false|false&#8221; custom_padding=&#8221;||0px||false|false&#8221; animation_style=&#8221;slide&#8221; animation_direction=&#8221;bottom&#8221; animation_intensity_slide=&#8221;30%&#8221; locked=&#8221;off&#8221; global_colors_info=&#8221;{}&#8221;]<\/p>\n<p>Produits et services<\/p>\n<p>[\/et_pb_text][et_pb_text _builder_version=&#8221;4.21.0&#8243; _module_preset=&#8221;default&#8221; custom_margin=&#8221;||0.5em||false|false&#8221; animation_style=&#8221;slide&#8221; animation_direction=&#8221;bottom&#8221; animation_intensity_slide=&#8221;30%&#8221; locked=&#8221;off&#8221; global_colors_info=&#8221;{}&#8221;]<\/p>\n<h1>Nous produisons + de 4 millions de produits de d\u00e9connexion chaque ann\u00e9e<\/h1>\n<p>[\/et_pb_text][et_pb_text _builder_version=&#8221;4.21.0&#8243; _module_preset=&#8221;default&#8221; animation_style=&#8221;slide&#8221; animation_direction=&#8221;bottom&#8221; animation_intensity_slide=&#8221;30%&#8221; global_colors_info=&#8221;{}&#8221;]<\/p>\n<p>Warn Automotive a invent\u00e9 la d\u00e9connexion et c'est tout ce que nous avons fait depuis ; c'est pourquoi nous sommes le leader du secteur en mati\u00e8re de technologie de d\u00e9connexion.<\/p>\n<p>[\/et_pb_text][\/et_pb_column][et_pb_column type=&#8221;2_3&#8243; _builder_version=&#8221;4.20.4&#8243; _module_preset=&#8221;default&#8221; global_colors_info=&#8221;{}&#8221;][et_pb_code module_id=&#8221;coman_slider0&#8243; _builder_version=&#8221;4.21.0&#8243; _module_preset=&#8221;default&#8221; animation_style=&#8221;slide&#8221; animation_direction=&#8221;bottom&#8221; animation_intensity_slide=&#8221;30%&#8221; global_colors_info=&#8221;{}&#8221;]<div class='white' style='background:rgba(0,0,0,0); border:solid 0px rgba(0,0,0,0); border-radius:0px; padding:0px 0px 0px 0px;'>\n<div id='slider_1106' class='owl-carousel sa_owl_theme owl-pagination-true' data-slider-id='slider_1106' style='visibility:hidden;'>\n<div id='slider_1106_slide01' class='sa_hover_container' style='padding:0% 3%; margin:0px 0%; '><div class=\"romain\"><div class=\"ro_img\"><img decoding=\"async\" data-src=\"https:\/\/vsgdover.com\/emea\/wp-content\/uploads\/2023\/05\/integrated.jpg\" src=\"data:image\/gif;base64,R0lGODlhAQABAAAAACH5BAEKAAEALAAAAAABAAEAAAICTAEAOw==\" class=\"lazyload\" style=\"--smush-placeholder-width: 784px; --smush-placeholder-aspect-ratio: 784\/520;\"><noscript><img decoding=\"async\" src=\"https:\/\/vsgdover.com\/emea\/wp-content\/uploads\/2023\/05\/integrated.jpg\"><\/noscript> <\/div><div class=\"ro_text\"><p class=\"rhd\"> Syst\u00e8mes int\u00e9gr\u00e9s d'extr\u00e9mit\u00e9 de roue <\/p> <p>Donnez \u00e0 vos clients des capacit\u00e9s 4WD pratiques, un meilleur rendement \u00e9nerg\u00e9tique et des batteries \u00e9lectriques de plus longue dur\u00e9e.  <\/p> <\/div> <\/div><\/div>\n<div id='slider_1106_slide02' class='sa_hover_container' style='padding:0% 3%; margin:0px 0%; '><div class=\"romain\"><div class=\"ro_img\"><img decoding=\"async\" data-src=\"https:\/\/vsgdover.com\/emea\/wp-content\/uploads\/2023\/05\/front.jpg\" src=\"data:image\/gif;base64,R0lGODlhAQABAAAAACH5BAEKAAEALAAAAAABAAEAAAICTAEAOw==\" class=\"lazyload\" style=\"--smush-placeholder-width: 784px; --smush-placeholder-aspect-ratio: 784\/520;\"><noscript><img decoding=\"async\" src=\"https:\/\/vsgdover.com\/emea\/wp-content\/uploads\/2023\/05\/front.jpg\"><\/noscript> <\/div><div class=\"ro_text\"><p class=\"rhd\"> Syst\u00e8mes de d\u00e9connexion de l'essieu avant <\/p> <p>Pour les clients qui demandent des performances de pointe dans un syst\u00e8me de transmission int\u00e9grale active, ces syst\u00e8mes offrent un changement de vitesse automatique en une microseconde. <\/p> <\/div> <\/div><\/div>\n<div id='slider_1106_slide03' class='sa_hover_container' style='padding:0% 3%; margin:0px 0%; '><div class=\"romain\"><div class=\"ro_img\"><img decoding=\"async\" data-src=\"https:\/\/vsgdover.com\/emea\/wp-content\/uploads\/2023\/05\/hublocks.jpg\" src=\"data:image\/gif;base64,R0lGODlhAQABAAAAACH5BAEKAAEALAAAAAABAAEAAAICTAEAOw==\" class=\"lazyload\" style=\"--smush-placeholder-width: 784px; --smush-placeholder-aspect-ratio: 784\/520;\"><noscript><img decoding=\"async\" src=\"https:\/\/vsgdover.com\/emea\/wp-content\/uploads\/2023\/05\/hublocks.jpg\"><\/noscript> <\/div><div class=\"ro_text\"><p class=\"rhd\"> Verrous de moyeu manuels et automatiques <\/p> <p>Les verrous de moyeu sont un moyen simple et \u00e9conomique de contr\u00f4ler les quatre roues motrices. Nous offrons des niveaux de performance adapt\u00e9s \u00e0 vos besoins et \u00e0 votre budget. <\/p> <\/div> <\/div><\/div>\n<\/div>\n<\/div>\n<script type='text\/javascript'>\n\tjQuery(document).ready(function() {\n\t\tjQuery('#slider_1106').owlCarousel({\n\t\t\tresponsive:{\n\t\t\t\t0:{ items:2 },\n\t\t\t\t480:{ items:1 },\n\t\t\t\t768:{ items:1 },\n\t\t\t\t980:{ items:3 },\n\t\t\t\t1200:{ items:3 },\n\t\t\t\t1500:{ items:3 }\n\t\t\t},\n\t\t\tautoplay : true,\n\t\t\tautoplayTimeout : 5000,\n\t\t\tautoplayHoverPause : true,\n\t\t\tsmartSpeed : 200,\n\t\t\tfluidSpeed : 200,\n\t\t\tautoplaySpeed : 200,\n\t\t\tnavSpeed : 200,\n\t\t\tdotsSpeed : 200,\n\t\t\tdotsEach : 1,\n\t\t\tloop : true,\n\t\t\tnav : false,\n\t\t\tnavText : ['Previous','Next'],\n\t\t\tdots : true,\n\t\t\tresponsiveRefreshRate : 200,\n\t\t\tslideBy : 1,\n\t\t\tmergeFit : true,\n\t\t\tautoHeight : false,\n\t\t\tmouseDrag : true,\n\t\t\ttouchDrag : true\n\t\t});\n\t\tjQuery('#slider_1106').css('visibility', 'visible');\n\t\tsa_resize_slider_1106();\n\t\twindow.addEventListener('resize', sa_resize_slider_1106);\n\t\tfunction sa_resize_slider_1106() {\n\t\t\tvar min_height = '50';\n\t\t\tvar win_width = jQuery(window).width();\n\t\t\tvar slider_width = jQuery('#slider_1106').width();\n\t\t\tif (win_width < 480) {\n\t\t\t\tvar slide_width = slider_width \/ 2;\n\t\t\t} else if (win_width < 768) {\n\t\t\t\tvar slide_width = slider_width \/ 1;\n\t\t\t} else if (win_width < 980) {\n\t\t\t\tvar slide_width = slider_width \/ 1;\n\t\t\t} else if (win_width < 1200) {\n\t\t\t\tvar slide_width = slider_width \/ 3;\n\t\t\t} else if (win_width < 1500) {\n\t\t\t\tvar slide_width = slider_width \/ 3;\n\t\t\t} else {\n\t\t\t\tvar slide_width = slider_width \/ 3;\n\t\t\t}\n\t\t\tslide_width = Math.round(slide_width);\n\t\t\tvar slide_height = '0';\n\t\t\tif (min_height == 'aspect43') {\n\t\t\t\tslide_height = (slide_width \/ 4) * 3;\t\t\t\tslide_height = Math.round(slide_height);\n\t\t\t} else if (min_height == 'aspect169') {\n\t\t\t\tslide_height = (slide_width \/ 16) * 9;\t\t\t\tslide_height = Math.round(slide_height);\n\t\t\t} else {\n\t\t\t\tslide_height = (slide_width \/ 100) * min_height;\t\t\t\tslide_height = Math.round(slide_height);\n\t\t\t}\n\t\t\tjQuery('#slider_1106 .owl-item .sa_hover_container').css('min-height', slide_height+'px');\n\t\t}\n\t\tvar owl_goto = jQuery('#slider_1106');\n\t\tjQuery('.slider_1106_goto1').click(function(event){\n\t\t\towl_goto.trigger('to.owl.carousel', 0);\n\t\t});\n\t\tjQuery('.slider_1106_goto2').click(function(event){\n\t\t\towl_goto.trigger('to.owl.carousel', 1);\n\t\t});\n\t\tjQuery('.slider_1106_goto3').click(function(event){\n\t\t\towl_goto.trigger('to.owl.carousel', 2);\n\t\t});\n\t\tvar resize_1106 = jQuery('.owl-carousel');\n\t\tresize_1106.on('initialized.owl.carousel', function(e) {\n\t\t\tif (typeof(Event) === 'function') {\n\t\t\t\twindow.dispatchEvent(new Event('resize'));\n\t\t\t} else {\n\t\t\t\tvar evt = window.document.createEvent('UIEvents');\n\t\t\t\tevt.initUIEvent('resize', true, false, window, 0);\n\t\t\t\twindow.dispatchEvent(evt);\n\t\t\t}\n\t\t});\n\t});\n<\/script>\n[\/et_pb_code][\/et_pb_column][\/et_pb_row][et_pb_row module_class=&#8221;logo_three&#8221; _builder_version=&#8221;4.20.4&#8243; _module_preset=&#8221;default&#8221; width=&#8221;100%&#8221; max_width=&#8221;80%&#8221; custom_padding=&#8221;4em||4em||false|false&#8221; locked=&#8221;off&#8221; global_colors_info=&#8221;{}&#8221;][et_pb_column type=&#8221;4_4&#8243; _builder_version=&#8221;4.20.4&#8243; _module_preset=&#8221;default&#8221; background_enable_image=&#8221;off&#8221; animation_direction=&#8221;bottom&#8221; global_colors_info=&#8221;{}&#8221;][et_pb_video src=&#8221;https:\/\/player.vimeo.com\/video\/644371727?h=2f617cd745&#038;color=102fbf&#038;title=0&#038;byline=0&#038;portrait=0&#8243; image_src=&#8221;https:\/\/vsgdover.com\/emea\/wp-content\/uploads\/2023\/04\/warn.jpg&#8221; play_icon_color=&#8221;RGBA(255,255,255,0)&#8221; _builder_version=&#8221;4.21.0&#8243; _module_preset=&#8221;default&#8221; animation_style=&#8221;slide&#8221; animation_direction=&#8221;bottom&#8221; animation_intensity_slide=&#8221;30%&#8221; global_colors_info=&#8221;{}&#8221;][\/et_pb_video][et_pb_code _builder_version=&#8221;4.21.0&#8243; _module_preset=&#8221;default&#8221; text_orientation=&#8221;center&#8221; animation_style=&#8221;slide&#8221; animation_direction=&#8221;bottom&#8221; animation_delay=&#8221;800ms&#8221; animation_intensity_slide=&#8221;15%&#8221; locked=&#8221;off&#8221; global_colors_info=&#8221;{}&#8221;]<a href=\"https:\/\/www.warnauto.com\/\" target=\"_blank\" rel=\"noopener\"><button class=\"fill-button\"><span class=\"fill-button-text\"> Vers Warn Automotive<\/span>    <\/button><\/a>[\/et_pb_code][\/et_pb_column][\/et_pb_row][\/et_pb_section]<\/p>","protected":false},"excerpt":{"rendered":"<p>We drive innovationto enhance vehicle efficiency and performanceWarn AutomotiveFor over 50 years, Warn Automotive has worked with leading automotive manufacturing partners to custom engineer disconnect solutions for four-wheel-drive and all-wheel drive. Our components are ready to be packaged across a range of vehicles and powertrains and are inside some of the best-known automotive brands in [&hellip;]<\/p>","protected":false},"author":1,"featured_media":0,"parent":0,"menu_order":0,"comment_status":"closed","ping_status":"closed","template":"","meta":{"_et_pb_use_builder":"on","_et_pb_old_content":"","_et_gb_content_width":"","footnotes":"","_links_to":"","_links_to_target":""},"class_list":["post-1074","page","type-page","status-publish","hentry"],"_links":{"self":[{"href":"https:\/\/vsgdover.com\/emea\/fr\/wp-json\/wp\/v2\/pages\/1074","targetHints":{"allow":["GET"]}}],"collection":[{"href":"https:\/\/vsgdover.com\/emea\/fr\/wp-json\/wp\/v2\/pages"}],"about":[{"href":"https:\/\/vsgdover.com\/emea\/fr\/wp-json\/wp\/v2\/types\/page"}],"author":[{"embeddable":true,"href":"https:\/\/vsgdover.com\/emea\/fr\/wp-json\/wp\/v2\/users\/1"}],"replies":[{"embeddable":true,"href":"https:\/\/vsgdover.com\/emea\/fr\/wp-json\/wp\/v2\/comments?post=1074"}],"version-history":[{"count":41,"href":"https:\/\/vsgdover.com\/emea\/fr\/wp-json\/wp\/v2\/pages\/1074\/revisions"}],"predecessor-version":[{"id":247969,"href":"https:\/\/vsgdover.com\/emea\/fr\/wp-json\/wp\/v2\/pages\/1074\/revisions\/247969"}],"wp:attachment":[{"href":"https:\/\/vsgdover.com\/emea\/fr\/wp-json\/wp\/v2\/media?parent=1074"}],"curies":[{"name":"wp","href":"https:\/\/api.w.org\/{rel}","templated":true}]}}