{"id":1064,"date":"2023-04-29T19:56:48","date_gmt":"2023-04-29T19:56:48","guid":{"rendered":"https:\/\/vsgdover.com\/emea\/?page_id=1064"},"modified":"2026-04-13T10:32:25","modified_gmt":"2026-04-13T10:32:25","slug":"ravaglioli-lift","status":"publish","type":"page","link":"https:\/\/vsgdover.com\/emea\/es\/ravaglioli-lift\/","title":{"rendered":"Ravaglioli"},"content":{"rendered":"<p>[et_pb_section fb_built=&#8221;1&#8243; module_class=&#8221;height_100vh&#8221; _builder_version=&#8221;4.21.0&#8243; _module_preset=&#8221;default&#8221; background_enable_image=&#8221;off&#8221; background_video_mp4=&#8221;https:\/\/vsgdover.com\/emea\/wp-content\/uploads\/2023\/06\/Ravoglioli-motion-banner.mp4&#8243; background_last_edited=&#8221;on|phone&#8221; background_video_mp4_phone=&#8221;https:\/\/vsgdover.com\/emea\/wp-content\/uploads\/2023\/06\/Ravoglioli-motion-banner-1.mp4&#8243; background_enable_video_mp4_phone=&#8221;on&#8221; locked=&#8221;off&#8221; collapsed=&#8221;off&#8221; global_colors_info=&#8221;{}&#8221;][et_pb_row column_structure=&#8221;3_5,2_5&#8243; _builder_version=&#8221;4.21.0&#8243; _module_preset=&#8221;default&#8221; width=&#8221;100%&#8221; max_width=&#8221;80%&#8221; custom_margin_tablet=&#8221;&#8221; custom_margin_phone=&#8221;0px||0px||false|false&#8221; custom_margin_last_edited=&#8221;on|phone&#8221; custom_padding=&#8221;0px||0px||false|false&#8221; animation_direction=&#8221;bottom&#8221; locked=&#8221;off&#8221; global_colors_info=&#8221;{}&#8221;][et_pb_column type=&#8221;3_5&#8243; module_class=&#8221;glass_eff in-wipe-left&#8221; _builder_version=&#8221;4.21.0&#8243; _module_preset=&#8221;default&#8221; custom_padding=&#8221;2em|2em|2em|2em|false|false&#8221; animation_direction=&#8221;left&#8221; global_colors_info=&#8221;{}&#8221;][et_pb_image title_text=&#8221;%91RAV%93 Ravaglioli Logo&#8221; _builder_version=&#8221;4.27.5&#8243; _module_preset=&#8221;default&#8221; width=&#8221;200px&#8221; hover_enabled=&#8221;0&#8243; global_colors_info=&#8221;{}&#8221; src=&#8221;https:\/\/vsgdover.com\/emea\/wp-content\/uploads\/2026\/04\/RAV-Ravaglioli-Logo.svg&#8221; sticky_enabled=&#8221;0&#8243;][\/et_pb_image][et_pb_text _builder_version=&#8221;4.22.2&#8243; _module_preset=&#8221;default&#8221; header_text_color=&#8221;#FFFFFF&#8221; header_font_size=&#8221;3.11em&#8221; custom_margin=&#8221;||0px||false|false&#8221; animation_style=&#8221;slide&#8221; animation_direction=&#8221;bottom&#8221; animation_delay=&#8221;600ms&#8221; animation_intensity_slide=&#8221;30%&#8221; global_colors_info=&#8221;{}&#8221;]<\/p>\n<h1>Lideramos el sector de equipos y soluciones para talleres<\/h1>\n<p>[\/et_pb_text][et_pb_text content_tablet=&#8221;<\/p>\n<p>ayudando a los talleres automotrices a ofrecer los<br \/>mejores servicios de reparaci\u00f3n a sus clientes.<\/p>\n<p>&#8221; content_phone=&#8221;helping automotive workshops offer the best repair services to their customers&#8221; content_last_edited=&#8221;on|phone&#8221; _builder_version=&#8221;4.22.2&#8243; _module_preset=&#8221;default&#8221; text_text_color=&#8221;#FFFFFF&#8221; animation_style=&#8221;slide&#8221; animation_direction=&#8221;bottom&#8221; animation_delay=&#8221;1200ms&#8221; animation_intensity_slide=&#8221;30%&#8221; global_colors_info=&#8221;{}&#8221;]<\/p>\n<p>ayudando a los talleres automotrices a ofrecer los mejores servicios de reparaci\u00f3n a sus clientes.<\/p>\n<p>[\/et_pb_text][\/et_pb_column][et_pb_column type=&#8221;2_5&#8243; _builder_version=&#8221;4.21.0&#8243; _module_preset=&#8221;default&#8221; global_colors_info=&#8221;{}&#8221;][\/et_pb_column][\/et_pb_row][\/et_pb_section][et_pb_section fb_built=&#8221;1&#8243; module_class=&#8221;mouse_down&#8221; _builder_version=&#8221;4.21.0&#8243; _module_preset=&#8221;default&#8221; custom_padding=&#8221;0px||0px||false|false&#8221; animation_style=&#8221;slide&#8221; animation_direction=&#8221;top&#8221; animation_delay=&#8221;800ms&#8221; locked=&#8221;off&#8221; collapsed=&#8221;on&#8221; global_colors_info=&#8221;{}&#8221;][et_pb_row _builder_version=&#8221;4.21.0&#8243; _module_preset=&#8221;default&#8221; custom_padding=&#8221;0px||0px||false|false&#8221; global_colors_info=&#8221;{}&#8221;][et_pb_column type=&#8221;4_4&#8243; _builder_version=&#8221;4.21.0&#8243; _module_preset=&#8221;default&#8221; global_colors_info=&#8221;{}&#8221;][et_pb_code _builder_version=&#8221;4.21.0&#8243; _module_preset=&#8221;default&#8221; link_option_url=&#8221;#section_2&#8243; global_colors_info=&#8221;{}&#8221;]<\/p>\n<div class=\"mouse_scroll\">\n<div class=\"mouse\">\n<div class=\"wheel\"><\/div>\n<\/div>\n<div><span class=\"m_scroll_arrows unu\"><\/span><span class=\"m_scroll_arrows doi\"><\/span><span class=\"m_scroll_arrows trei\"><\/span><\/div>\n<\/div>\n<p>[\/et_pb_code][\/et_pb_column][\/et_pb_row][\/et_pb_section][et_pb_section fb_built=&#8221;1&#8243; custom_padding_last_edited=&#8221;on|phone&#8221; module_id=&#8221;section_2&#8243; module_class=&#8221;rrw_bg1&#8243; _builder_version=&#8221;4.21.0&#8243; _module_preset=&#8221;default&#8221; background_color=&#8221;RGBA(255,255,255,0)&#8221; custom_padding=&#8221;0px||0px||false|false&#8221; custom_padding_tablet=&#8221;0px||0px||false|false&#8221; custom_padding_phone=&#8221;1em||||false|false&#8221; locked=&#8221;off&#8221; collapsed=&#8221;off&#8221; global_colors_info=&#8221;{}&#8221;][et_pb_row column_structure=&#8221;1_2,1_2&#8243; module_class=&#8221;count&#8221; _builder_version=&#8221;4.21.0&#8243; _module_preset=&#8221;default&#8221; width=&#8221;100%&#8221; max_width=&#8221;100%&#8221; custom_padding=&#8221;0px||0px||false|false&#8221; collapsed=&#8221;on&#8221; global_colors_info=&#8221;{}&#8221;][et_pb_column type=&#8221;1_2&#8243; _builder_version=&#8221;4.21.0&#8243; _module_preset=&#8221;default&#8221; custom_padding=&#8221;|||10%|false|false&#8221; custom_padding_tablet=&#8221;|||10%|false|false&#8221; custom_padding_phone=&#8221;|||0%|false|false&#8221; custom_padding_last_edited=&#8221;on|phone&#8221; animation_direction=&#8221;bottom&#8221; global_colors_info=&#8221;{}&#8221;][et_pb_text _builder_version=&#8221;4.21.0&#8243; _module_preset=&#8221;default&#8221; custom_margin=&#8221;||0.5em||false|false&#8221; custom_margin_tablet=&#8221;||0.5em||false|false&#8221; custom_margin_phone=&#8221;||0em||false|false&#8221; custom_margin_last_edited=&#8221;on|phone&#8221; animation_style=&#8221;slide&#8221; animation_direction=&#8221;bottom&#8221; animation_intensity_slide=&#8221;30%&#8221; global_colors_info=&#8221;{}&#8221;]<\/p>\n<h1>Ravaglioli<\/h1>\n<p>[\/et_pb_text][et_pb_text _builder_version=&#8221;4.21.0&#8243; _module_preset=&#8221;default&#8221; animation_style=&#8221;slide&#8221; animation_direction=&#8221;bottom&#8221; animation_intensity_slide=&#8221;30%&#8221; global_colors_info=&#8221;{}&#8221;]<\/p>\n<p>Fundada en 1958 en Sasso Marconi (Bolonia, IT) para dise\u00f1ar y comercializar elevadores de veh\u00edculos, Ravaglioli se ha convertido en el principal fabricante europeo de equipos de elevaci\u00f3n de veh\u00edculos y en uno de los principales productores de equipos para talleres de neum\u00e1ticos y diagn\u00f3stico (control de veh\u00edculos y alineaci\u00f3n de ruedas). Perteneciente a Vehicle Service Group (VSG) desde 2016, es una de las marcas l\u00edderes de la divisi\u00f3n de Europa, Oriente Medio y Asia (EMEA) de VSG. Adem\u00e1s de su sede hist\u00f3rica en las colinas de Bolonia, cuenta con tres centros de producci\u00f3n adicionales en Ferrara, Rolo (Reggio Emilia) y Tur\u00edn, y tres filiales en Francia, Alemania y Reino Unido.<\/p>\n<p>[\/et_pb_text][\/et_pb_column][et_pb_column type=&#8221;1_2&#8243; _builder_version=&#8221;4.21.0&#8243; _module_preset=&#8221;default&#8221; custom_padding=&#8221;||||false|false&#8221; animation_style=&#8221;slide&#8221; animation_direction=&#8221;bottom&#8221; animation_intensity_slide=&#8221;15%&#8221; global_colors_info=&#8221;{}&#8221;][et_pb_image src=&#8221;https:\/\/vsgdover.com\/emea\/wp-content\/uploads\/2023\/06\/rav-product.png&#8221; title_text=&#8221;rav-product&#8221; force_fullwidth=&#8221;on&#8221; module_class=&#8221;img01  agl agl-wipeCSSUp&#8221; _builder_version=&#8221;4.21.0&#8243; _module_preset=&#8221;default&#8221; global_colors_info=&#8221;{}&#8221;][\/et_pb_image][\/et_pb_column][\/et_pb_row][et_pb_row column_structure=&#8221;1_3,2_3&#8243; use_custom_gutter=&#8221;on&#8221; gutter_width=&#8221;2&#8243; _builder_version=&#8221;4.21.0&#8243; _module_preset=&#8221;default&#8221; width=&#8221;100%&#8221; max_width=&#8221;100%&#8221; custom_padding=&#8221;|||10%|false|false&#8221; global_colors_info=&#8221;{}&#8221;][et_pb_column type=&#8221;1_3&#8243; _builder_version=&#8221;4.21.0&#8243; _module_preset=&#8221;default&#8221; custom_padding_tablet=&#8221;&#8221; custom_padding_phone=&#8221;|10%|||false|false&#8221; custom_padding_last_edited=&#8221;on|phone&#8221; global_colors_info=&#8221;{}&#8221;][et_pb_text _builder_version=&#8221;4.21.0&#8243; _module_preset=&#8221;default&#8221; text_font=&#8221;|||on|||||&#8221; text_font_size=&#8221;0.89em&#8221; custom_margin=&#8221;||0.5em||false|false&#8221; custom_padding=&#8221;||0px||false|false&#8221; animation_style=&#8221;slide&#8221; animation_direction=&#8221;bottom&#8221; animation_intensity_slide=&#8221;30%&#8221; locked=&#8221;off&#8221; global_colors_info=&#8221;{}&#8221;]<\/p>\n<p>Productos &amp; Servicios<\/p>\n<p>[\/et_pb_text][et_pb_text _builder_version=&#8221;4.21.0&#8243; _module_preset=&#8221;default&#8221; custom_margin=&#8221;||0.5em||false|false&#8221; animation_style=&#8221;slide&#8221; animation_direction=&#8221;bottom&#8221; animation_intensity_slide=&#8221;30%&#8221; locked=&#8221;off&#8221; global_colors_info=&#8221;{}&#8221;]<\/p>\n<h1>Productos y servicios que responden a las necesidades de su taller<\/h1>\n<p>[\/et_pb_text][et_pb_text _builder_version=&#8221;4.21.0&#8243; _module_preset=&#8221;default&#8221; animation_style=&#8221;slide&#8221; animation_direction=&#8221;bottom&#8221; animation_intensity_slide=&#8221;30%&#8221; global_colors_info=&#8221;{}&#8221;]<\/p>\n<p>Cada taller necesita contar con las mejores soluciones de equipamiento para que sus t\u00e9cnicos trabajen con eficacia y sus clientes reciban reparaciones fiables. Ravaglioli proporciona estas soluciones.<\/p>\n<p>[\/et_pb_text][\/et_pb_column][et_pb_column type=&#8221;2_3&#8243; _builder_version=&#8221;4.21.0&#8243; _module_preset=&#8221;default&#8221; global_colors_info=&#8221;{}&#8221;][et_pb_code module_id=&#8221;coman_slider0&#8243; _builder_version=&#8221;4.21.0&#8243; _module_preset=&#8221;default&#8221; animation_style=&#8221;slide&#8221; animation_direction=&#8221;bottom&#8221; animation_intensity_slide=&#8221;30%&#8221; global_colors_info=&#8221;{}&#8221;]<div class='white' style='background:rgba(0,0,0,0); border:solid 0px rgba(0,0,0,0); border-radius:0px; padding:0px 0px 0px 0px;'>\n<div id='slider_1103' class='owl-carousel sa_owl_theme owl-pagination-true' data-slider-id='slider_1103' style='visibility:hidden;'>\n<div id='slider_1103_slide01' class='sa_hover_container' style='padding:0% 3%; margin:0px 0%; '><div class=\"romain\"><div class=\"ro_img\"><img decoding=\"async\" data-src=\"https:\/\/vsgdover.com\/emea\/wp-content\/uploads\/2023\/06\/rav1.jpg\" src=\"data:image\/gif;base64,R0lGODlhAQABAAAAACH5BAEKAAEALAAAAAABAAEAAAICTAEAOw==\" class=\"lazyload\" style=\"--smush-placeholder-width: 392px; --smush-placeholder-aspect-ratio: 392\/260;\"><noscript><img decoding=\"async\" src=\"https:\/\/vsgdover.com\/emea\/wp-content\/uploads\/2023\/06\/rav1.jpg\"><\/noscript> <\/div><div class=\"ro_text\"><p class=\"rhd\"> Elevaci\u00f3n de veh\u00edculos  <\/p> <p>Los elevadores de veh\u00edculos son equipos indispensables para cualquier taller mec\u00e1nico, ya que proporcionan un espacio de trabajo seguro y eficiente. Para el taller del futuro son imprescindibles soluciones como los modernos elevadores electromec\u00e1nicos. <\/p> <\/div> <\/div><\/div>\n<div id='slider_1103_slide02' class='sa_hover_container' style='padding:0% 3%; margin:0px 0%; '><div class=\"romain\"><div class=\"ro_img\"><img decoding=\"async\" data-src=\"https:\/\/vsgdover.com\/emea\/wp-content\/uploads\/2023\/06\/rav2.jpg\" src=\"data:image\/gif;base64,R0lGODlhAQABAAAAACH5BAEKAAEALAAAAAABAAEAAAICTAEAOw==\" class=\"lazyload\" style=\"--smush-placeholder-width: 392px; --smush-placeholder-aspect-ratio: 392\/260;\"><noscript><img decoding=\"async\" src=\"https:\/\/vsgdover.com\/emea\/wp-content\/uploads\/2023\/06\/rav2.jpg\"><\/noscript> <\/div><div class=\"ro_text\"><p class=\"rhd\"> Servicio para ruedas<\/p> <p>Los equipos para el servicio de ruedas son un componente esencial del \u00e9xito de cualquier taller. Desde desmontadoras hasta equilibradoras de ruedas, contar con las herramientas adecuadas puede marcar la diferencia a la hora de mejorar los servicios automotrices.<\/p> <\/div> <\/div><\/div>\n<div id='slider_1103_slide03' class='sa_hover_container' style='padding:0% 3%; margin:0px 0%; '><div class=\"romain\"><div class=\"ro_img\"><img decoding=\"async\" data-src=\"https:\/\/vsgdover.com\/emea\/wp-content\/uploads\/2023\/06\/rav3.jpg\" src=\"data:image\/gif;base64,R0lGODlhAQABAAAAACH5BAEKAAEALAAAAAABAAEAAAICTAEAOw==\" class=\"lazyload\" style=\"--smush-placeholder-width: 392px; --smush-placeholder-aspect-ratio: 392\/260;\"><noscript><img decoding=\"async\" src=\"https:\/\/vsgdover.com\/emea\/wp-content\/uploads\/2023\/06\/rav3.jpg\"><\/noscript> <\/div><div class=\"ro_text\"><p class=\"rhd\"> Diagn\u00f3sticos<\/p> <p>Los equipos de diagn\u00f3stico son el mejor aliado para recalibrar los componentes electr\u00f3nicos de los veh\u00edculos actuales. Un taller equipado con las \u00faltimas herramientas de diagn\u00f3stico sabe que puede ofrecer lo mejor a los clientes.<\/p> <\/div> <\/div><\/div>\n<div id='slider_1103_slide04' class='sa_hover_container' style='padding:0% 3%; margin:0px 0%; '><div class=\"romain\"><div class=\"ro_img\"><img decoding=\"async\" data-src=\"https:\/\/vsgdover.com\/emea\/wp-content\/uploads\/2023\/06\/rav4.jpg\" src=\"data:image\/gif;base64,R0lGODlhAQABAAAAACH5BAEKAAEALAAAAAABAAEAAAICTAEAOw==\" class=\"lazyload\" style=\"--smush-placeholder-width: 392px; --smush-placeholder-aspect-ratio: 392\/260;\"><noscript><img decoding=\"async\" src=\"https:\/\/vsgdover.com\/emea\/wp-content\/uploads\/2023\/06\/rav4.jpg\"><\/noscript> <\/div><div class=\"ro_text\"><p class=\"rhd\"> Equipamiento para talleres<\/p> <p>Contar con el equipamiento de taller adecuado es clave para el \u00e9xito en su lugar de trabajo. Invertir en equipamiento de taller de calidad y en herramientas de desinfecci\u00f3n garantiza un entorno seguro y c\u00f3modo para las empresas y los usuarios finales.<\/p> <\/div> <\/div><\/div>\n<div id='slider_1103_slide05' class='sa_hover_container' style='padding:0% 3%; margin:0px 0%; '><div class=\"romain\"><div class=\"ro_img\"><img decoding=\"async\" data-src=\"https:\/\/vsgdover.com\/emea\/wp-content\/uploads\/2023\/06\/rav5.jpg\" src=\"data:image\/gif;base64,R0lGODlhAQABAAAAACH5BAEKAAEALAAAAAABAAEAAAICTAEAOw==\" class=\"lazyload\" style=\"--smush-placeholder-width: 392px; --smush-placeholder-aspect-ratio: 392\/260;\"><noscript><img decoding=\"async\" src=\"https:\/\/vsgdover.com\/emea\/wp-content\/uploads\/2023\/06\/rav5.jpg\"><\/noscript> <\/div><div class=\"ro_text\"><p class=\"rhd\"> ADAS<\/p> <p>ADAS es sin\u00f3nimo de tecnolog\u00eda avanzada para el taller del futuro. Estos sistemas de diagn\u00f3stico, desarrollados por Ravaglioli en colaboraci\u00f3n con TEXA, ofrecen una soluci\u00f3n ideal para integrarse en sus trabajos de alineaci\u00f3n de ruedas.<\/p> <\/div> <\/div><\/div>\n<\/div>\n<\/div>\n<script type='text\/javascript'>\n\tjQuery(document).ready(function() {\n\t\tjQuery('#slider_1103').owlCarousel({\n\t\t\tresponsive:{\n\t\t\t\t0:{ items:2 },\n\t\t\t\t480:{ items:1 },\n\t\t\t\t768:{ items:1 },\n\t\t\t\t980:{ items:3 },\n\t\t\t\t1200:{ items:3 },\n\t\t\t\t1500:{ items:3 }\n\t\t\t},\n\t\t\tautoplay : true,\n\t\t\tautoplayTimeout : 5000,\n\t\t\tautoplayHoverPause : true,\n\t\t\tsmartSpeed : 200,\n\t\t\tfluidSpeed : 200,\n\t\t\tautoplaySpeed : 200,\n\t\t\tnavSpeed : 200,\n\t\t\tdotsSpeed : 200,\n\t\t\tdotsEach : 1,\n\t\t\tloop : true,\n\t\t\tnav : false,\n\t\t\tnavText : ['Previous','Next'],\n\t\t\tdots : true,\n\t\t\tresponsiveRefreshRate : 200,\n\t\t\tslideBy : 1,\n\t\t\tmergeFit : true,\n\t\t\tautoHeight : false,\n\t\t\tmouseDrag : true,\n\t\t\ttouchDrag : true\n\t\t});\n\t\tjQuery('#slider_1103').css('visibility', 'visible');\n\t\tsa_resize_slider_1103();\n\t\twindow.addEventListener('resize', sa_resize_slider_1103);\n\t\tfunction sa_resize_slider_1103() {\n\t\t\tvar min_height = '50';\n\t\t\tvar win_width = jQuery(window).width();\n\t\t\tvar slider_width = jQuery('#slider_1103').width();\n\t\t\tif (win_width < 480) {\n\t\t\t\tvar slide_width = slider_width \/ 2;\n\t\t\t} else if (win_width < 768) {\n\t\t\t\tvar slide_width = slider_width \/ 1;\n\t\t\t} else if (win_width < 980) {\n\t\t\t\tvar slide_width = slider_width \/ 1;\n\t\t\t} else if (win_width < 1200) {\n\t\t\t\tvar slide_width = slider_width \/ 3;\n\t\t\t} else if (win_width < 1500) {\n\t\t\t\tvar slide_width = slider_width \/ 3;\n\t\t\t} else {\n\t\t\t\tvar slide_width = slider_width \/ 3;\n\t\t\t}\n\t\t\tslide_width = Math.round(slide_width);\n\t\t\tvar slide_height = '0';\n\t\t\tif (min_height == 'aspect43') {\n\t\t\t\tslide_height = (slide_width \/ 4) * 3;\t\t\t\tslide_height = Math.round(slide_height);\n\t\t\t} else if (min_height == 'aspect169') {\n\t\t\t\tslide_height = (slide_width \/ 16) * 9;\t\t\t\tslide_height = Math.round(slide_height);\n\t\t\t} else {\n\t\t\t\tslide_height = (slide_width \/ 100) * min_height;\t\t\t\tslide_height = Math.round(slide_height);\n\t\t\t}\n\t\t\tjQuery('#slider_1103 .owl-item .sa_hover_container').css('min-height', slide_height+'px');\n\t\t}\n\t\tvar owl_goto = jQuery('#slider_1103');\n\t\tjQuery('.slider_1103_goto1').click(function(event){\n\t\t\towl_goto.trigger('to.owl.carousel', 0);\n\t\t});\n\t\tjQuery('.slider_1103_goto2').click(function(event){\n\t\t\towl_goto.trigger('to.owl.carousel', 1);\n\t\t});\n\t\tjQuery('.slider_1103_goto3').click(function(event){\n\t\t\towl_goto.trigger('to.owl.carousel', 2);\n\t\t});\n\t\tjQuery('.slider_1103_goto4').click(function(event){\n\t\t\towl_goto.trigger('to.owl.carousel', 3);\n\t\t});\n\t\tjQuery('.slider_1103_goto5').click(function(event){\n\t\t\towl_goto.trigger('to.owl.carousel', 4);\n\t\t});\n\t\tvar resize_1103 = jQuery('.owl-carousel');\n\t\tresize_1103.on('initialized.owl.carousel', function(e) {\n\t\t\tif (typeof(Event) === 'function') {\n\t\t\t\twindow.dispatchEvent(new Event('resize'));\n\t\t\t} else {\n\t\t\t\tvar evt = window.document.createEvent('UIEvents');\n\t\t\t\tevt.initUIEvent('resize', true, false, window, 0);\n\t\t\t\twindow.dispatchEvent(evt);\n\t\t\t}\n\t\t});\n\t});\n<\/script>\n[\/et_pb_code][\/et_pb_column][\/et_pb_row][et_pb_row module_class=&#8221;logo_three&#8221; _builder_version=&#8221;4.20.4&#8243; _module_preset=&#8221;default&#8221; width=&#8221;100%&#8221; max_width=&#8221;80%&#8221; custom_padding=&#8221;4em||4em||false|false&#8221; locked=&#8221;off&#8221; global_colors_info=&#8221;{}&#8221;][et_pb_column type=&#8221;4_4&#8243; _builder_version=&#8221;4.20.4&#8243; _module_preset=&#8221;default&#8221; background_enable_image=&#8221;off&#8221; animation_direction=&#8221;bottom&#8221; global_colors_info=&#8221;{}&#8221;][et_pb_video src=&#8221;https:\/\/youtu.be\/Njc8QIkzq6s&#8221; image_src=&#8221;https:\/\/vsgdover.com\/emea\/wp-content\/uploads\/2023\/04\/banner_rava.jpg&#8221; play_icon_color=&#8221;RGBA(255,255,255,0)&#8221; _builder_version=&#8221;4.21.0&#8243; _module_preset=&#8221;default&#8221; animation_style=&#8221;slide&#8221; animation_direction=&#8221;bottom&#8221; animation_intensity_slide=&#8221;30%&#8221; global_colors_info=&#8221;{}&#8221;][\/et_pb_video][et_pb_code _builder_version=&#8221;4.21.0&#8243; _module_preset=&#8221;default&#8221; text_orientation=&#8221;center&#8221; animation_style=&#8221;slide&#8221; animation_direction=&#8221;bottom&#8221; animation_delay=&#8221;800ms&#8221; animation_intensity_slide=&#8221;15%&#8221; locked=&#8221;off&#8221; global_colors_info=&#8221;{}&#8221;]<a href=\"https:\/\/ravaglioli.com\/en\/\" target=\"_blank\" rel=\"noopener\"><button class=\"fill-button\"><span class=\"fill-button-text\">El camino a Ravaglioli<\/span>    <\/button><\/a>[\/et_pb_code][\/et_pb_column][\/et_pb_row][\/et_pb_section]<\/p>","protected":false},"excerpt":{"rendered":"<p>We lead the garage equipment and solutions industryhelping automotive workshops offer the best repair services to their customersRavaglioliFounded in 1958 in Sasso Marconi (BO) to design and market vehicle lifting equipment, Ravaglioli has become Europe&#8217;s leading builder of vehicle lifts and one of the main producers of equipment for tire shops and diagnostics (vehicle control [&hellip;]<\/p>","protected":false},"author":1,"featured_media":0,"parent":0,"menu_order":0,"comment_status":"closed","ping_status":"closed","template":"","meta":{"_et_pb_use_builder":"on","_et_pb_old_content":"","_et_gb_content_width":"","footnotes":"","_links_to":"","_links_to_target":""},"class_list":["post-1064","page","type-page","status-publish","hentry"],"_links":{"self":[{"href":"https:\/\/vsgdover.com\/emea\/es\/wp-json\/wp\/v2\/pages\/1064","targetHints":{"allow":["GET"]}}],"collection":[{"href":"https:\/\/vsgdover.com\/emea\/es\/wp-json\/wp\/v2\/pages"}],"about":[{"href":"https:\/\/vsgdover.com\/emea\/es\/wp-json\/wp\/v2\/types\/page"}],"author":[{"embeddable":true,"href":"https:\/\/vsgdover.com\/emea\/es\/wp-json\/wp\/v2\/users\/1"}],"replies":[{"embeddable":true,"href":"https:\/\/vsgdover.com\/emea\/es\/wp-json\/wp\/v2\/comments?post=1064"}],"version-history":[{"count":55,"href":"https:\/\/vsgdover.com\/emea\/es\/wp-json\/wp\/v2\/pages\/1064\/revisions"}],"predecessor-version":[{"id":248339,"href":"https:\/\/vsgdover.com\/emea\/es\/wp-json\/wp\/v2\/pages\/1064\/revisions\/248339"}],"wp:attachment":[{"href":"https:\/\/vsgdover.com\/emea\/es\/wp-json\/wp\/v2\/media?parent=1064"}],"curies":[{"name":"wp","href":"https:\/\/api.w.org\/{rel}","templated":true}]}}